{"id":10,"date":"2023-06-08T12:33:07","date_gmt":"2023-06-08T12:33:07","guid":{"rendered":"http:\/\/www.vegeelia.fi\/?page_id=10"},"modified":"2023-06-10T23:17:56","modified_gmt":"2023-06-10T21:17:56","slug":"ota-yhteytta","status":"publish","type":"page","link":"https:\/\/www.vegeelia.fi\/?page_id=10","title":{"rendered":"Ota yhteytt\u00e4"},"content":{"rendered":"\n<p>Vegeelia Oy<br>Pyh\u00e4nn\u00e4ntie 326<br>92700 Kestil\u00e4<\/p>\n\n\n\n<p>Puhelin: Veli Hyttinen, 040 012 4994<br>S\u00e4hk\u00f6posti: vegeelia@outlook.com<\/p>\n\n\n\n<p>Y-tunnus: 3007820-4<\/p>\n\n\n\n<p><strong>Voit l\u00e4hett\u00e4\u00e4 viestin alla olevalla lomakkeella.<\/strong><\/p>\n\n\n<div class=\"wpforms-container wpforms-container-full wpforms-block wpforms-block-dc507fb9-d6c1-422c-8263-bdd127379231 wpforms-render-modern\" id=\"wpforms-67\"><form id=\"wpforms-form-67\" class=\"wpforms-validate wpforms-form wpforms-ajax-form\" data-formid=\"67\" method=\"post\" enctype=\"multipart\/form-data\" action=\"\/index.php?rest_route=%2Fwp%2Fv2%2Fpages%2F10\" data-token=\"c753dfbbddc8b6cf65df77ba7541742e\" data-token-time=\"1776299712\"><noscript class=\"wpforms-error-noscript\">Please enable JavaScript in your browser to complete this form.<\/noscript><div id=\"wpforms-error-noscript\" style=\"display: none;\">Please enable JavaScript in your browser to complete this form.<\/div><div class=\"wpforms-field-container\"><div id=\"wpforms-67-field_0-container\" class=\"wpforms-field wpforms-field-name\" data-field-id=\"0\"><fieldset><legend class=\"wpforms-field-label\">Nimi <span class=\"wpforms-required-label\" aria-hidden=\"true\">*<\/span><\/legend><div class=\"wpforms-field-row wpforms-field-medium\"><div class=\"wpforms-field-row-block wpforms-first wpforms-one-half\"><input type=\"text\" id=\"wpforms-67-field_0\" class=\"wpforms-field-name-first wpforms-field-required\" name=\"wpforms[fields][0][first]\" placeholder=\"Etunimi\" aria-errormessage=\"wpforms-67-field_0-error\" required><label for=\"wpforms-67-field_0\" class=\"wpforms-field-sublabel after wpforms-sublabel-hide\">First<\/label><\/div><div class=\"wpforms-field-row-block wpforms-one-half\"><input type=\"text\" id=\"wpforms-67-field_0-last\" class=\"wpforms-field-name-last wpforms-field-required\" name=\"wpforms[fields][0][last]\" placeholder=\"Sukunimi\" aria-errormessage=\"wpforms-67-field_0-last-error\" required><label for=\"wpforms-67-field_0-last\" class=\"wpforms-field-sublabel after wpforms-sublabel-hide\">Last<\/label><\/div><\/div><\/fieldset><\/div><div id=\"wpforms-67-field_1-container\" class=\"wpforms-field wpforms-field-email\" data-field-id=\"1\"><label class=\"wpforms-field-label\" for=\"wpforms-67-field_1\">S\u00e4hk\u00f6posti <span class=\"wpforms-required-label\" aria-hidden=\"true\">*<\/span><\/label><input type=\"email\" id=\"wpforms-67-field_1\" class=\"wpforms-field-medium wpforms-field-required\" name=\"wpforms[fields][1]\" spellcheck=\"false\" aria-errormessage=\"wpforms-67-field_1-error\" required><\/div><div id=\"wpforms-67-field_2-container\" class=\"wpforms-field wpforms-field-textarea\" data-field-id=\"2\"><label class=\"wpforms-field-label\" for=\"wpforms-67-field_2\">Viesti <span class=\"wpforms-required-label\" aria-hidden=\"true\">*<\/span><\/label><textarea id=\"wpforms-67-field_2\" class=\"wpforms-field-medium wpforms-field-required\" name=\"wpforms[fields][2]\" aria-errormessage=\"wpforms-67-field_2-error\" required><\/textarea><\/div><\/div><!-- .wpforms-field-container --><div class=\"wpforms-submit-container\" ><input type=\"hidden\" name=\"wpforms[id]\" value=\"67\"><input type=\"hidden\" name=\"page_title\" value=\"\"><input type=\"hidden\" name=\"page_url\" value=\"https:\/\/www.vegeelia.fi\/index.php?rest_route=\/wp\/v2\/pages\/10\"><input type=\"hidden\" name=\"url_referer\" value=\"\"><button type=\"submit\" name=\"wpforms[submit]\" id=\"wpforms-submit-67\" class=\"wpforms-submit\" data-alt-text=\"L\u00e4hett\u00e4\u00e4...\" data-submit-text=\"L\u00e4het\u00e4\" aria-live=\"assertive\" value=\"wpforms-submit\">L\u00e4het\u00e4<\/button><img decoding=\"async\" loading=\"lazy\" src=\"https:\/\/www.vegeelia.fi\/wp-content\/plugins\/wpforms-lite\/assets\/images\/submit-spin.svg\" class=\"wpforms-submit-spinner\" style=\"display: none;\" width=\"26\" height=\"26\" alt=\"Loading\"><\/div><\/form><\/div>  <!-- .wpforms-container -->","protected":false},"excerpt":{"rendered":"<p>Vegeelia OyPyh\u00e4nn\u00e4ntie 32692700 Kestil\u00e4 Puhelin: Veli Hyttinen, 040 012 4994S\u00e4hk\u00f6posti: vegeelia@outlook.com Y-tunnus: 3007820-4 Voit l\u00e4hett\u00e4\u00e4 viestin alla olevalla lomakkeella.<\/p>\n","protected":false},"author":1,"featured_media":0,"parent":0,"menu_order":0,"comment_status":"closed","ping_status":"closed","template":"","meta":{"_kadence_starter_templates_imported_post":false,"_kad_post_transparent":"","_kad_post_title":"","_kad_post_layout":"","_kad_post_sidebar_id":"","_kad_post_content_style":"","_kad_post_vertical_padding":"","_kad_post_feature":"","_kad_post_feature_position":"","_kad_post_header":false,"_kad_post_footer":false,"_kad_post_classname":""},"_links":{"self":[{"href":"https:\/\/www.vegeelia.fi\/index.php?rest_route=\/wp\/v2\/pages\/10"}],"collection":[{"href":"https:\/\/www.vegeelia.fi\/index.php?rest_route=\/wp\/v2\/pages"}],"about":[{"href":"https:\/\/www.vegeelia.fi\/index.php?rest_route=\/wp\/v2\/types\/page"}],"author":[{"embeddable":true,"href":"https:\/\/www.vegeelia.fi\/index.php?rest_route=\/wp\/v2\/users\/1"}],"replies":[{"embeddable":true,"href":"https:\/\/www.vegeelia.fi\/index.php?rest_route=%2Fwp%2Fv2%2Fcomments&post=10"}],"version-history":[{"count":6,"href":"https:\/\/www.vegeelia.fi\/index.php?rest_route=\/wp\/v2\/pages\/10\/revisions"}],"predecessor-version":[{"id":79,"href":"https:\/\/www.vegeelia.fi\/index.php?rest_route=\/wp\/v2\/pages\/10\/revisions\/79"}],"wp:attachment":[{"href":"https:\/\/www.vegeelia.fi\/index.php?rest_route=%2Fwp%2Fv2%2Fmedia&parent=10"}],"curies":[{"name":"wp","href":"https:\/\/api.w.org\/{rel}","templated":true}]}}